{"id":241,"date":"2022-11-05T11:53:25","date_gmt":"2022-11-05T10:53:25","guid":{"rendered":"https:\/\/uvtaverny.fr\/?page_id=241"},"modified":"2025-12-15T23:31:21","modified_gmt":"2025-12-15T22:31:21","slug":"nos-tarifs","status":"publish","type":"page","link":"https:\/\/uvtaverny.fr\/index.php\/nos-tarifs\/","title":{"rendered":"Les Tarifs"},"content":{"rendered":"\t\t<div data-elementor-type=\"wp-page\" data-elementor-id=\"241\" class=\"elementor elementor-241\">\n\t\t\t\t\t\t<section class=\"elementor-section elementor-top-section elementor-element elementor-element-3cc9712 elementor-section-boxed elementor-section-height-default elementor-section-height-default\" data-id=\"3cc9712\" data-element_type=\"section\" data-e-type=\"section\">\n\t\t\t\t\t\t<div class=\"elementor-container elementor-column-gap-default\">\n\t\t\t\t\t<div class=\"elementor-column elementor-col-100 elementor-top-column elementor-element elementor-element-9e09f38\" data-id=\"9e09f38\" data-element_type=\"column\" data-e-type=\"column\">\n\t\t\t<div class=\"elementor-widget-wrap elementor-element-populated\">\n\t\t\t\t\t\t<div class=\"elementor-element elementor-element-68895c7 elementor-widget elementor-widget-spacer\" data-id=\"68895c7\" data-element_type=\"widget\" data-e-type=\"widget\" data-widget_type=\"spacer.default\">\n\t\t\t\t<div class=\"elementor-widget-container\">\n\t\t\t\t\t\t\t<div class=\"elementor-spacer\">\n\t\t\t<div class=\"elementor-spacer-inner\"><\/div>\n\t\t<\/div>\n\t\t\t\t\t\t<\/div>\n\t\t\t\t<\/div>\n\t\t\t\t\t<\/div>\n\t\t<\/div>\n\t\t\t\t\t<\/div>\n\t\t<\/section>\n\t\t\t\t<section class=\"elementor-section elementor-top-section elementor-element elementor-element-b73409b elementor-section-boxed elementor-section-height-default elementor-section-height-default\" data-id=\"b73409b\" data-element_type=\"section\" data-e-type=\"section\">\n\t\t\t\t\t\t<div class=\"elementor-container elementor-column-gap-default\">\n\t\t\t\t\t<div class=\"elementor-column elementor-col-100 elementor-top-column elementor-element elementor-element-3d13ad0\" data-id=\"3d13ad0\" data-element_type=\"column\" data-e-type=\"column\">\n\t\t\t<div class=\"elementor-widget-wrap elementor-element-populated\">\n\t\t\t\t\t\t<div class=\"elementor-element elementor-element-e6486d6 elementor-widget__width-initial e-transform e-transform elementor-widget elementor-widget-image\" data-id=\"e6486d6\" data-element_type=\"widget\" data-e-type=\"widget\" data-settings=\"{&quot;_transform_translateX_effect_mobile&quot;:{&quot;unit&quot;:&quot;px&quot;,&quot;size&quot;:98,&quot;sizes&quot;:[]},&quot;_transform_translateY_effect_mobile&quot;:{&quot;unit&quot;:&quot;px&quot;,&quot;size&quot;:-8,&quot;sizes&quot;:[]},&quot;_transform_scale_effect_mobile&quot;:{&quot;unit&quot;:&quot;px&quot;,&quot;size&quot;:0.8,&quot;sizes&quot;:[]},&quot;_transform_translateX_effect&quot;:{&quot;unit&quot;:&quot;px&quot;,&quot;size&quot;:&quot;&quot;,&quot;sizes&quot;:[]},&quot;_transform_translateX_effect_tablet&quot;:{&quot;unit&quot;:&quot;px&quot;,&quot;size&quot;:&quot;&quot;,&quot;sizes&quot;:[]},&quot;_transform_translateY_effect&quot;:{&quot;unit&quot;:&quot;px&quot;,&quot;size&quot;:&quot;&quot;,&quot;sizes&quot;:[]},&quot;_transform_translateY_effect_tablet&quot;:{&quot;unit&quot;:&quot;px&quot;,&quot;size&quot;:&quot;&quot;,&quot;sizes&quot;:[]},&quot;_transform_scale_effect&quot;:{&quot;unit&quot;:&quot;px&quot;,&quot;size&quot;:&quot;&quot;,&quot;sizes&quot;:[]},&quot;_transform_scale_effect_tablet&quot;:{&quot;unit&quot;:&quot;px&quot;,&quot;size&quot;:&quot;&quot;,&quot;sizes&quot;:[]}}\" data-widget_type=\"image.default\">\n\t\t\t\t<div class=\"elementor-widget-container\">\n\t\t\t\t\t\t\t\t\t\t\t\t\t\t\t<img decoding=\"async\" width=\"150\" height=\"150\" src=\"https:\/\/uvtaverny.fr\/wp-content\/uploads\/2022\/11\/Logo-FFCT-150x150.png\" class=\"attachment-thumbnail size-thumbnail wp-image-169\" alt=\"\" srcset=\"https:\/\/uvtaverny.fr\/wp-content\/uploads\/2022\/11\/Logo-FFCT-150x150.png 150w, https:\/\/uvtaverny.fr\/wp-content\/uploads\/2022\/11\/elementor\/thumbs\/Logo-FFCT-px8l9vm99d06xsp7r4re9f55eaor8p97xwh3vwp7he.png 125w, https:\/\/uvtaverny.fr\/wp-content\/uploads\/2022\/11\/elementor\/thumbs\/Logo-FFCT-px8l9vm9bjy0ip3wh2syd832g5wc6af08hpd6z82hg.png 130w\" sizes=\"(max-width: 150px) 100vw, 150px\" \/>\t\t\t\t\t\t\t\t\t\t\t\t\t\t\t<\/div>\n\t\t\t\t<\/div>\n\t\t\t\t\t<\/div>\n\t\t<\/div>\n\t\t\t\t\t<\/div>\n\t\t<\/section>\n\t\t\t\t<section class=\"elementor-section elementor-top-section elementor-element elementor-element-1fca7f3 elementor-section-boxed elementor-section-height-default elementor-section-height-default\" data-id=\"1fca7f3\" data-element_type=\"section\" data-e-type=\"section\">\n\t\t\t\t\t\t<div class=\"elementor-container elementor-column-gap-default\">\n\t\t\t\t\t<div class=\"elementor-column elementor-col-100 elementor-top-column elementor-element elementor-element-f823d94\" data-id=\"f823d94\" data-element_type=\"column\" data-e-type=\"column\">\n\t\t\t<div class=\"elementor-widget-wrap elementor-element-populated\">\n\t\t\t\t\t\t<div class=\"elementor-element elementor-element-0b478cf elementor-widget elementor-widget-spacer\" data-id=\"0b478cf\" data-element_type=\"widget\" data-e-type=\"widget\" data-widget_type=\"spacer.default\">\n\t\t\t\t<div class=\"elementor-widget-container\">\n\t\t\t\t\t\t\t<div class=\"elementor-spacer\">\n\t\t\t<div class=\"elementor-spacer-inner\"><\/div>\n\t\t<\/div>\n\t\t\t\t\t\t<\/div>\n\t\t\t\t<\/div>\n\t\t\t\t\t<\/div>\n\t\t<\/div>\n\t\t\t\t\t<\/div>\n\t\t<\/section>\n\t\t\t\t<section class=\"elementor-section elementor-top-section elementor-element elementor-element-cc15edb elementor-section-boxed elementor-section-height-default elementor-section-height-default\" data-id=\"cc15edb\" data-element_type=\"section\" data-e-type=\"section\">\n\t\t\t\t\t\t<div class=\"elementor-container elementor-column-gap-default\">\n\t\t\t\t\t<div class=\"elementor-column elementor-col-100 elementor-top-column elementor-element elementor-element-b512cbb\" data-id=\"b512cbb\" data-element_type=\"column\" data-e-type=\"column\">\n\t\t\t<div class=\"elementor-widget-wrap elementor-element-populated\">\n\t\t\t\t\t\t<div class=\"elementor-element elementor-element-c9575db elementor-widget__width-initial elementor-widget elementor-widget-text-editor\" data-id=\"c9575db\" data-element_type=\"widget\" data-e-type=\"widget\" data-widget_type=\"text-editor.default\">\n\t\t\t\t<div class=\"elementor-widget-container\">\n\t\t\t\t\t\t\t\t\t<ol>\n<li>En adh\u00e9rant \u00e0 l&rsquo;UV Taverny vous int\u00e9grez un club Cr\u00e9\u00e9 en 1986, affili\u00e9 \u00e0 la FFCT qui vous permet de b\u00e9n\u00e9ficier d&rsquo;une assurance corporelle et mat\u00e9riel en fonction des garanties choisies.<\/li>\n<li>Le club prend en charge les frais d&rsquo;inscription lors des sorties qu&rsquo;il met au programme.<br><\/li>\n<li>En \u00e9tant licenci\u00e9 vous b\u00e9n\u00e9ficiez d&rsquo;une remise sur les randonn\u00e9es organis\u00e9es par les clus affili\u00e9s \u00e0 la FFCT <\/li>\n<\/ol>\t\t\t\t\t\t\t\t<\/div>\n\t\t\t\t<\/div>\n\t\t\t\t\t<\/div>\n\t\t<\/div>\n\t\t\t\t\t<\/div>\n\t\t<\/section>\n\t\t\t\t<section class=\"elementor-section elementor-top-section elementor-element elementor-element-620ea0e elementor-section-boxed elementor-section-height-default elementor-section-height-default\" data-id=\"620ea0e\" data-element_type=\"section\" data-e-type=\"section\">\n\t\t\t\t\t\t<div class=\"elementor-container elementor-column-gap-default\">\n\t\t\t\t\t<div class=\"elementor-column elementor-col-100 elementor-top-column elementor-element elementor-element-36d9de0\" data-id=\"36d9de0\" data-element_type=\"column\" data-e-type=\"column\">\n\t\t\t<div class=\"elementor-widget-wrap elementor-element-populated\">\n\t\t\t\t\t\t<div class=\"elementor-element elementor-element-7e4d747 elementor-widget elementor-widget-image\" data-id=\"7e4d747\" data-element_type=\"widget\" data-e-type=\"widget\" data-widget_type=\"image.default\">\n\t\t\t\t<div class=\"elementor-widget-container\">\n\t\t\t\t\t\t\t\t\t\t\t\t\t\t\t<img fetchpriority=\"high\" decoding=\"async\" width=\"768\" height=\"332\" src=\"https:\/\/uvtaverny.fr\/wp-content\/uploads\/2025\/12\/Tarifs-2026-768x332.png\" class=\"attachment-medium_large size-medium_large wp-image-6213\" alt=\"\" srcset=\"https:\/\/uvtaverny.fr\/wp-content\/uploads\/2025\/12\/Tarifs-2026-768x332.png 768w, https:\/\/uvtaverny.fr\/wp-content\/uploads\/2025\/12\/Tarifs-2026-300x130.png 300w, https:\/\/uvtaverny.fr\/wp-content\/uploads\/2025\/12\/Tarifs-2026.png 805w\" sizes=\"(max-width: 768px) 100vw, 768px\" \/>\t\t\t\t\t\t\t\t\t\t\t\t\t\t\t<\/div>\n\t\t\t\t<\/div>\n\t\t\t\t\t<\/div>\n\t\t<\/div>\n\t\t\t\t\t<\/div>\n\t\t<\/section>\n\t\t\t\t<section class=\"elementor-section elementor-top-section elementor-element elementor-element-88a953d elementor-section-boxed elementor-section-height-default elementor-section-height-default\" data-id=\"88a953d\" data-element_type=\"section\" data-e-type=\"section\">\n\t\t\t\t\t\t<div class=\"elementor-container elementor-column-gap-default\">\n\t\t\t\t\t<div class=\"elementor-column elementor-col-100 elementor-top-column elementor-element elementor-element-146216a\" data-id=\"146216a\" data-element_type=\"column\" data-e-type=\"column\">\n\t\t\t<div class=\"elementor-widget-wrap\">\n\t\t\t\t\t\t\t<\/div>\n\t\t<\/div>\n\t\t\t\t\t<\/div>\n\t\t<\/section>\n\t\t\t\t<section class=\"elementor-section elementor-top-section elementor-element elementor-element-3810f39 elementor-section-boxed elementor-section-height-default elementor-section-height-default\" data-id=\"3810f39\" data-element_type=\"section\" data-e-type=\"section\">\n\t\t\t\t\t\t<div class=\"elementor-container elementor-column-gap-default\">\n\t\t\t\t\t<div class=\"elementor-column elementor-col-100 elementor-top-column elementor-element elementor-element-0affec0\" data-id=\"0affec0\" data-element_type=\"column\" data-e-type=\"column\">\n\t\t\t<div class=\"elementor-widget-wrap elementor-element-populated\">\n\t\t\t\t\t\t<div class=\"elementor-element elementor-element-140d2bb elementor-widget__width-initial e-transform elementor-widget elementor-widget-text-editor\" data-id=\"140d2bb\" data-element_type=\"widget\" data-e-type=\"widget\" data-settings=\"{&quot;_transform_scale_effect&quot;:{&quot;unit&quot;:&quot;px&quot;,&quot;size&quot;:1,&quot;sizes&quot;:[]},&quot;_transform_scale_effect_tablet&quot;:{&quot;unit&quot;:&quot;px&quot;,&quot;size&quot;:&quot;&quot;,&quot;sizes&quot;:[]},&quot;_transform_scale_effect_mobile&quot;:{&quot;unit&quot;:&quot;px&quot;,&quot;size&quot;:&quot;&quot;,&quot;sizes&quot;:[]}}\" data-widget_type=\"text-editor.default\">\n\t\t\t\t<div class=\"elementor-widget-container\">\n\t\t\t\t\t\t\t\t\t<p><strong><span style=\"text-decoration: underline;\">\u00a0<\/span><\/strong><\/p><p><strong><span style=\"text-decoration: underline;\">Licence F\u00e9d\u00e9ration Fran\u00e7aise de Cyclotourisme :<\/span><\/strong><\/p><p>Licence 16 mois pour les nouveaux adh\u00e9rents (valable jusqu\u2019au 31\/12\/2026) au tarif de la licence en cours pour toute adh\u00e9sion entre le 01-09 et le 30-11-2025.<\/p><p>Offre r\u00e9serv\u00e9e aux personnes n&rsquo;ayant jamais eu de licence \u00e0 la F\u00e9d\u00e9ration ou \u00e0 tout licenci\u00e9 n\u2019ayant pas renouvel\u00e9 sa licence depuis plus de 3 ans.<\/p>\t\t\t\t\t\t\t\t<\/div>\n\t\t\t\t<\/div>\n\t\t\t\t\t<\/div>\n\t\t<\/div>\n\t\t\t\t\t<\/div>\n\t\t<\/section>\n\t\t\t\t<section class=\"elementor-section elementor-top-section elementor-element elementor-element-27fc533 elementor-section-boxed elementor-section-height-default elementor-section-height-default\" data-id=\"27fc533\" data-element_type=\"section\" data-e-type=\"section\">\n\t\t\t\t\t\t<div class=\"elementor-container elementor-column-gap-default\">\n\t\t\t\t\t<div class=\"elementor-column elementor-col-100 elementor-top-column elementor-element elementor-element-644b44f\" data-id=\"644b44f\" data-element_type=\"column\" data-e-type=\"column\">\n\t\t\t<div class=\"elementor-widget-wrap elementor-element-populated\">\n\t\t\t\t\t\t<div class=\"elementor-element elementor-element-532140a elementor-widget elementor-widget-text-editor\" data-id=\"532140a\" data-element_type=\"widget\" data-e-type=\"widget\" data-widget_type=\"text-editor.default\">\n\t\t\t\t<div class=\"elementor-widget-container\">\n\t\t\t\t\t\t\t\t\t<p><strong>Documents \u00e0 lire et \u00e0 conserver :<\/strong><\/p><ul><li><a href=\"https:\/\/uvtaverny.fr\/wp-content\/uploads\/2025\/12\/NOTICE-DINFORMATION-LICENCE-FFVELO-2026-.pdf\" target=\"_blank\" rel=\"noopener\">Notice d&rsquo;information du licenci\u00e9 \u00e0 lire<\/a><\/li><li><a href=\"https:\/\/uvtaverny.fr\/wp-content\/uploads\/2025\/12\/QUESTIONNAIRE-SANTE.pdf\" target=\"_blank\" rel=\"noopener\">Questionnaire Sant\u00e9 \u00e0 remplir et \u00e0 garder chez soi<\/a><\/li><li><a href=\"https:\/\/uvtaverny.fr\/wp-content\/uploads\/2025\/12\/BULLETIN_ADHESION_WEB_CLUB_-2026.pdf\" target=\"_blank\" rel=\"noopener\">\u201cBulletin d\u2019Adh\u00e9sion Web Saison 2026\u2033<\/a><\/li><\/ul><p><strong>Documents \u00a0\u00e0 remplir qui vous seront demand\u00e9s dans le formulaire :<\/strong><\/p><ul><li><a href=\"https:\/\/uvtaverny.fr\/wp-content\/uploads\/2025\/12\/Declaration-du-licencie-2026.pdf\" target=\"_blank\" rel=\"noopener\">\u201cD\u00e9claration du licenci\u00e9\u201d \u00e0 remplir<\/a><\/li><\/ul><p>Mod\u00e8le de certificat m\u00e9dical (pour votre m\u00e9decin) :<\/p><ul><li><a href=\"https:\/\/drive.google.com\/file\/d\/1r1z-UIIcADo75Kjj62joaPJV60N0Sw0D\/view?usp=sharing\" target=\"_blank\" rel=\"noopener\">\u201cCertificat m\u00e9dical\u201d<\/a><\/li><\/ul><p>Notre partenaire<strong> HelloAsso<\/strong> est une entreprise sociale et solidaire, qui fournit gratuitement ses technologies de paiement au C.S.P.. Une contribution au fonctionnement de HelloAsso, modifiable et facultative, vous sera propos\u00e9e avant la validation de votre paiement. ELLE N&rsquo;EST PAS OBLIGATOIRE, VOUS AVEZ LE CHOIX DE FAIRE UN DON OU NON. Votre D\u00e9cision n&rsquo;a aucune incidence pour l&rsquo;UVT.<\/p>\t\t\t\t\t\t\t\t<\/div>\n\t\t\t\t<\/div>\n\t\t\t\t\t<\/div>\n\t\t<\/div>\n\t\t\t\t\t<\/div>\n\t\t<\/section>\n\t\t\t\t<section class=\"elementor-section elementor-top-section elementor-element elementor-element-a462c1f elementor-section-boxed elementor-section-height-default elementor-section-height-default\" data-id=\"a462c1f\" data-element_type=\"section\" data-e-type=\"section\">\n\t\t\t\t\t\t<div class=\"elementor-container elementor-column-gap-default\">\n\t\t\t\t\t<div class=\"elementor-column elementor-col-100 elementor-top-column elementor-element elementor-element-bdf35f2\" data-id=\"bdf35f2\" data-element_type=\"column\" data-e-type=\"column\">\n\t\t\t<div class=\"elementor-widget-wrap elementor-element-populated\">\n\t\t\t\t\t\t<div class=\"elementor-element elementor-element-93daf0d elementor-widget elementor-widget-spacer\" data-id=\"93daf0d\" data-element_type=\"widget\" data-e-type=\"widget\" data-widget_type=\"spacer.default\">\n\t\t\t\t<div class=\"elementor-widget-container\">\n\t\t\t\t\t\t\t<div class=\"elementor-spacer\">\n\t\t\t<div class=\"elementor-spacer-inner\"><\/div>\n\t\t<\/div>\n\t\t\t\t\t\t<\/div>\n\t\t\t\t<\/div>\n\t\t\t\t\t<\/div>\n\t\t<\/div>\n\t\t\t\t\t<\/div>\n\t\t<\/section>\n\t\t\t\t<section class=\"elementor-section elementor-top-section elementor-element elementor-element-ff79b6d elementor-section-boxed elementor-section-height-default elementor-section-height-default\" data-id=\"ff79b6d\" data-element_type=\"section\" data-e-type=\"section\">\n\t\t\t\t\t\t<div class=\"elementor-container elementor-column-gap-default\">\n\t\t\t\t\t<div class=\"elementor-column elementor-col-25 elementor-top-column elementor-element elementor-element-840e3ee\" data-id=\"840e3ee\" data-element_type=\"column\" data-e-type=\"column\">\n\t\t\t<div class=\"elementor-widget-wrap elementor-element-populated\">\n\t\t\t\t\t\t<div class=\"elementor-element elementor-element-9da1936 e-transform elementor-invisible elementor-widget elementor-widget-heading\" data-id=\"9da1936\" data-element_type=\"widget\" data-e-type=\"widget\" data-settings=\"{&quot;_animation&quot;:&quot;fadeInLeft&quot;,&quot;_transform_translateY_effect&quot;:{&quot;unit&quot;:&quot;px&quot;,&quot;size&quot;:15,&quot;sizes&quot;:[]},&quot;_transform_translateX_effect&quot;:{&quot;unit&quot;:&quot;px&quot;,&quot;size&quot;:&quot;&quot;,&quot;sizes&quot;:[]},&quot;_transform_translateX_effect_tablet&quot;:{&quot;unit&quot;:&quot;px&quot;,&quot;size&quot;:&quot;&quot;,&quot;sizes&quot;:[]},&quot;_transform_translateX_effect_mobile&quot;:{&quot;unit&quot;:&quot;px&quot;,&quot;size&quot;:&quot;&quot;,&quot;sizes&quot;:[]},&quot;_transform_translateY_effect_tablet&quot;:{&quot;unit&quot;:&quot;px&quot;,&quot;size&quot;:&quot;&quot;,&quot;sizes&quot;:[]},&quot;_transform_translateY_effect_mobile&quot;:{&quot;unit&quot;:&quot;px&quot;,&quot;size&quot;:&quot;&quot;,&quot;sizes&quot;:[]}}\" data-widget_type=\"heading.default\">\n\t\t\t\t<div class=\"elementor-widget-container\">\n\t\t\t\t\t<h2 class=\"elementor-heading-title elementor-size-default\"><a href=\"https:\/\/uvtaverny.fr\/index.php\/licence-individuelle-2\/%20\">La Licence Individuelle<\/a><\/h2>\t\t\t\t<\/div>\n\t\t\t\t<\/div>\n\t\t\t\t\t<\/div>\n\t\t<\/div>\n\t\t\t\t<div class=\"elementor-column elementor-col-25 elementor-top-column elementor-element elementor-element-2d2f683\" data-id=\"2d2f683\" data-element_type=\"column\" data-e-type=\"column\">\n\t\t\t<div class=\"elementor-widget-wrap elementor-element-populated\">\n\t\t\t\t\t\t<div class=\"elementor-element elementor-element-97f7254 elementor-widget elementor-widget-wp-widget-custom_html\" data-id=\"97f7254\" data-element_type=\"widget\" data-e-type=\"widget\" data-widget_type=\"wp-widget-custom_html.default\">\n\t\t\t\t<div class=\"elementor-widget-container\">\n\t\t\t\t\t<div class=\"textwidget custom-html-widget\">\t\t\t<iframe\n\t\t\t\tid=\"idIframe\"\n\t\t\t\tsrc=\"https:\/\/www.helloasso.com\/associations\/union-velocipedique-tabernacienne\/adhesions\/licence-individuelle-saison-2025-2026\/widget-bouton\"\n\t\t\t\theight=70px\"\t\t\t\twidth=200px\"\t\t\t\tframeborder=\"0\"\n\t\t\t\tloading=\"lazy\"\n\t\t\t\tallowtransparency=\"true\"\n\t\t\t\tonload=\"resizeIframeMessage()\"><\/iframe>\n<\/div>\t\t\t\t<\/div>\n\t\t\t\t<\/div>\n\t\t\t\t\t<\/div>\n\t\t<\/div>\n\t\t\t\t<div class=\"elementor-column elementor-col-25 elementor-top-column elementor-element elementor-element-d6f4b5e\" data-id=\"d6f4b5e\" data-element_type=\"column\" data-e-type=\"column\">\n\t\t\t<div class=\"elementor-widget-wrap elementor-element-populated\">\n\t\t\t\t\t\t<div class=\"elementor-element elementor-element-29f05f1 e-transform elementor-invisible elementor-widget elementor-widget-heading\" data-id=\"29f05f1\" data-element_type=\"widget\" data-e-type=\"widget\" data-settings=\"{&quot;_animation&quot;:&quot;fadeInRight&quot;,&quot;_transform_translateY_effect&quot;:{&quot;unit&quot;:&quot;px&quot;,&quot;size&quot;:15,&quot;sizes&quot;:[]},&quot;_transform_translateX_effect&quot;:{&quot;unit&quot;:&quot;px&quot;,&quot;size&quot;:&quot;&quot;,&quot;sizes&quot;:[]},&quot;_transform_translateX_effect_tablet&quot;:{&quot;unit&quot;:&quot;px&quot;,&quot;size&quot;:&quot;&quot;,&quot;sizes&quot;:[]},&quot;_transform_translateX_effect_mobile&quot;:{&quot;unit&quot;:&quot;px&quot;,&quot;size&quot;:&quot;&quot;,&quot;sizes&quot;:[]},&quot;_transform_translateY_effect_tablet&quot;:{&quot;unit&quot;:&quot;px&quot;,&quot;size&quot;:&quot;&quot;,&quot;sizes&quot;:[]},&quot;_transform_translateY_effect_mobile&quot;:{&quot;unit&quot;:&quot;px&quot;,&quot;size&quot;:&quot;&quot;,&quot;sizes&quot;:[]}}\" data-widget_type=\"heading.default\">\n\t\t\t\t<div class=\"elementor-widget-container\">\n\t\t\t\t\t<h2 class=\"elementor-heading-title elementor-size-default\"><a href=\"https:\/\/uvtaverny.fr\/index.php\/licence-famille\/\">La Licence Famille<\/a><\/h2>\t\t\t\t<\/div>\n\t\t\t\t<\/div>\n\t\t\t\t\t<\/div>\n\t\t<\/div>\n\t\t\t\t<div class=\"elementor-column elementor-col-25 elementor-top-column elementor-element elementor-element-d678f01\" data-id=\"d678f01\" data-element_type=\"column\" data-e-type=\"column\">\n\t\t\t<div class=\"elementor-widget-wrap elementor-element-populated\">\n\t\t\t\t\t\t<div class=\"elementor-element elementor-element-89f87ec e-transform elementor-widget elementor-widget-wp-widget-custom_html\" data-id=\"89f87ec\" data-element_type=\"widget\" data-e-type=\"widget\" data-settings=\"{&quot;_transform_translateX_effect&quot;:{&quot;unit&quot;:&quot;px&quot;,&quot;size&quot;:-8,&quot;sizes&quot;:[]},&quot;_transform_translateX_effect_tablet&quot;:{&quot;unit&quot;:&quot;px&quot;,&quot;size&quot;:&quot;&quot;,&quot;sizes&quot;:[]},&quot;_transform_translateX_effect_mobile&quot;:{&quot;unit&quot;:&quot;px&quot;,&quot;size&quot;:&quot;&quot;,&quot;sizes&quot;:[]},&quot;_transform_translateY_effect&quot;:{&quot;unit&quot;:&quot;px&quot;,&quot;size&quot;:&quot;&quot;,&quot;sizes&quot;:[]},&quot;_transform_translateY_effect_tablet&quot;:{&quot;unit&quot;:&quot;px&quot;,&quot;size&quot;:&quot;&quot;,&quot;sizes&quot;:[]},&quot;_transform_translateY_effect_mobile&quot;:{&quot;unit&quot;:&quot;px&quot;,&quot;size&quot;:&quot;&quot;,&quot;sizes&quot;:[]}}\" data-widget_type=\"wp-widget-custom_html.default\">\n\t\t\t\t<div class=\"elementor-widget-container\">\n\t\t\t\t\t<div class=\"textwidget custom-html-widget\">\t\t\t<iframe\n\t\t\t\tid=\"idIframe\"\n\t\t\t\tsrc=\"https:\/\/www.helloasso.com\/associations\/union-velocipedique-tabernacienne\/adhesions\/licence-famille-saison-2025-2026\/widget-bouton\"\n\t\t\t\theight=70px\"\t\t\t\twidth=200px\"\t\t\t\tframeborder=\"0\"\n\t\t\t\tloading=\"lazy\"\n\t\t\t\tallowtransparency=\"true\"\n\t\t\t\tonload=\"resizeIframeMessage()\"><\/iframe>\n<\/div>\t\t\t\t<\/div>\n\t\t\t\t<\/div>\n\t\t\t\t\t<\/div>\n\t\t<\/div>\n\t\t\t\t\t<\/div>\n\t\t<\/section>\n\t\t\t\t<\/div>\n\t\t","protected":false},"excerpt":{"rendered":"<p>En adh\u00e9rant \u00e0 l&rsquo;UV Taverny vous int\u00e9grez un club Cr\u00e9\u00e9 en 1986, affili\u00e9 \u00e0 la FFCT qui vous permet de b\u00e9n\u00e9ficier d&rsquo;une assurance corporelle et mat\u00e9riel en fonction des garanties choisies. Le club prend en charge les frais d&rsquo;inscription lors des sorties qu&rsquo;il met au programme. En \u00e9tant licenci\u00e9 vous b\u00e9n\u00e9ficiez d&rsquo;une remise sur les [&hellip;]<\/p>\n","protected":false},"author":1,"featured_media":0,"parent":0,"menu_order":0,"comment_status":"closed","ping_status":"closed","template":"","meta":{"om_disable_all_campaigns":false,"_monsterinsights_skip_tracking":false,"_monsterinsights_sitenote_active":false,"_monsterinsights_sitenote_note":"","_monsterinsights_sitenote_category":0,"site-sidebar-layout":"no-sidebar","site-content-layout":"page-builder","ast-site-content-layout":"default","site-content-style":"default","site-sidebar-style":"default","ast-global-header-display":"","ast-banner-title-visibility":"","ast-main-header-display":"","ast-hfb-above-header-display":"","ast-hfb-below-header-display":"","ast-hfb-mobile-header-display":"","site-post-title":"disabled","ast-breadcrumbs-content":"","ast-featured-img":"disabled","footer-sml-layout":"","ast-disable-related-posts":"","theme-transparent-header-meta":"","adv-header-id-meta":"","stick-header-meta":"","header-above-stick-meta":"","header-main-stick-meta":"","header-below-stick-meta":"","astra-migrate-meta-layouts":"default","ast-page-background-enabled":"default","ast-page-background-meta":{"desktop":{"background-color":"var(--ast-global-color-4)","background-image":"","background-repeat":"repeat","background-position":"center center","background-size":"auto","background-attachment":"scroll","background-type":"","background-media":"","overlay-type":"","overlay-color":"","overlay-opacity":"","overlay-gradient":""},"tablet":{"background-color":"","background-image":"","background-repeat":"repeat","background-position":"center center","background-size":"auto","background-attachment":"scroll","background-type":"","background-media":"","overlay-type":"","overlay-color":"","overlay-opacity":"","overlay-gradient":""},"mobile":{"background-color":"","background-image":"","background-repeat":"repeat","background-position":"center center","background-size":"auto","background-attachment":"scroll","background-type":"","background-media":"","overlay-type":"","overlay-color":"","overlay-opacity":"","overlay-gradient":""}},"ast-content-background-meta":{"desktop":{"background-color":"var(--ast-global-color-5)","background-image":"","background-repeat":"repeat","background-position":"center center","background-size":"auto","background-attachment":"scroll","background-type":"","background-media":"","overlay-type":"","overlay-color":"","overlay-opacity":"","overlay-gradient":""},"tablet":{"background-color":"var(--ast-global-color-5)","background-image":"","background-repeat":"repeat","background-position":"center center","background-size":"auto","background-attachment":"scroll","background-type":"","background-media":"","overlay-type":"","overlay-color":"","overlay-opacity":"","overlay-gradient":""},"mobile":{"background-color":"var(--ast-global-color-5)","background-image":"","background-repeat":"repeat","background-position":"center center","background-size":"auto","background-attachment":"scroll","background-type":"","background-media":"","overlay-type":"","overlay-color":"","overlay-opacity":"","overlay-gradient":""}},"footnotes":""},"folder":[],"class_list":["post-241","page","type-page","status-publish","hentry"],"aioseo_notices":[],"_links":{"self":[{"href":"https:\/\/uvtaverny.fr\/index.php\/wp-json\/wp\/v2\/pages\/241","targetHints":{"allow":["GET"]}}],"collection":[{"href":"https:\/\/uvtaverny.fr\/index.php\/wp-json\/wp\/v2\/pages"}],"about":[{"href":"https:\/\/uvtaverny.fr\/index.php\/wp-json\/wp\/v2\/types\/page"}],"author":[{"embeddable":true,"href":"https:\/\/uvtaverny.fr\/index.php\/wp-json\/wp\/v2\/users\/1"}],"replies":[{"embeddable":true,"href":"https:\/\/uvtaverny.fr\/index.php\/wp-json\/wp\/v2\/comments?post=241"}],"version-history":[{"count":102,"href":"https:\/\/uvtaverny.fr\/index.php\/wp-json\/wp\/v2\/pages\/241\/revisions"}],"predecessor-version":[{"id":6286,"href":"https:\/\/uvtaverny.fr\/index.php\/wp-json\/wp\/v2\/pages\/241\/revisions\/6286"}],"wp:attachment":[{"href":"https:\/\/uvtaverny.fr\/index.php\/wp-json\/wp\/v2\/media?parent=241"}],"wp:term":[{"taxonomy":"folder","embeddable":true,"href":"https:\/\/uvtaverny.fr\/index.php\/wp-json\/wp\/v2\/folder?post=241"}],"curies":[{"name":"wp","href":"https:\/\/api.w.org\/{rel}","templated":true}]}}