{"id":153,"date":"2022-11-04T23:56:01","date_gmt":"2022-11-04T22:56:01","guid":{"rendered":"https:\/\/uvtaverny.fr\/?page_id=153"},"modified":"2025-10-23T17:01:44","modified_gmt":"2025-10-23T15:01:44","slug":"sorties-club-vtt","status":"publish","type":"page","link":"https:\/\/uvtaverny.fr\/index.php\/sorties-club-vtt\/","title":{"rendered":"Sorties Club VTT"},"content":{"rendered":"\t\t<div data-elementor-type=\"wp-page\" data-elementor-id=\"153\" class=\"elementor elementor-153\">\n\t\t\t\t\t\t<section class=\"elementor-section elementor-top-section elementor-element elementor-element-4545832 elementor-section-boxed elementor-section-height-default elementor-section-height-default\" data-id=\"4545832\" data-element_type=\"section\" data-e-type=\"section\">\n\t\t\t\t\t\t<div class=\"elementor-container elementor-column-gap-default\">\n\t\t\t\t\t<div class=\"elementor-column elementor-col-100 elementor-top-column elementor-element elementor-element-7a32146\" data-id=\"7a32146\" data-element_type=\"column\" data-e-type=\"column\">\n\t\t\t<div class=\"elementor-widget-wrap elementor-element-populated\">\n\t\t\t\t\t\t<div class=\"elementor-element elementor-element-2b17c68 elementor-widget elementor-widget-spacer\" data-id=\"2b17c68\" data-element_type=\"widget\" data-e-type=\"widget\" data-widget_type=\"spacer.default\">\n\t\t\t\t<div class=\"elementor-widget-container\">\n\t\t\t\t\t\t\t<div class=\"elementor-spacer\">\n\t\t\t<div class=\"elementor-spacer-inner\"><\/div>\n\t\t<\/div>\n\t\t\t\t\t\t<\/div>\n\t\t\t\t<\/div>\n\t\t\t\t\t<\/div>\n\t\t<\/div>\n\t\t\t\t\t<\/div>\n\t\t<\/section>\n\t\t\t\t<section class=\"elementor-section elementor-top-section elementor-element elementor-element-0b63274 elementor-section-boxed elementor-section-height-default elementor-section-height-default\" data-id=\"0b63274\" data-element_type=\"section\" data-e-type=\"section\">\n\t\t\t\t\t\t<div class=\"elementor-container elementor-column-gap-default\">\n\t\t\t\t\t<div class=\"elementor-column elementor-col-100 elementor-top-column elementor-element elementor-element-3967997\" data-id=\"3967997\" data-element_type=\"column\" data-e-type=\"column\">\n\t\t\t<div class=\"elementor-widget-wrap elementor-element-populated\">\n\t\t\t\t\t\t<div class=\"elementor-element elementor-element-0836ddc elementor-widget elementor-widget-heading\" data-id=\"0836ddc\" data-element_type=\"widget\" data-e-type=\"widget\" data-widget_type=\"heading.default\">\n\t\t\t\t<div class=\"elementor-widget-container\">\n\t\t\t\t\t<h1 class=\"elementor-heading-title elementor-size-default\">VTT<\/h1>\t\t\t\t<\/div>\n\t\t\t\t<\/div>\n\t\t\t\t\t<\/div>\n\t\t<\/div>\n\t\t\t\t\t<\/div>\n\t\t<\/section>\n\t\t\t\t<section class=\"elementor-section elementor-top-section elementor-element elementor-element-8b8ebb7 elementor-section-boxed elementor-section-height-default elementor-section-height-default\" data-id=\"8b8ebb7\" data-element_type=\"section\" data-e-type=\"section\">\n\t\t\t\t\t\t<div class=\"elementor-container elementor-column-gap-default\">\n\t\t\t\t\t<div class=\"elementor-column elementor-col-100 elementor-top-column elementor-element elementor-element-4e94b0b\" data-id=\"4e94b0b\" data-element_type=\"column\" data-e-type=\"column\">\n\t\t\t<div class=\"elementor-widget-wrap elementor-element-populated\">\n\t\t\t\t\t\t<div class=\"elementor-element elementor-element-d836157 elementor-widget elementor-widget-spacer\" data-id=\"d836157\" data-element_type=\"widget\" data-e-type=\"widget\" data-widget_type=\"spacer.default\">\n\t\t\t\t<div class=\"elementor-widget-container\">\n\t\t\t\t\t\t\t<div class=\"elementor-spacer\">\n\t\t\t<div class=\"elementor-spacer-inner\"><\/div>\n\t\t<\/div>\n\t\t\t\t\t\t<\/div>\n\t\t\t\t<\/div>\n\t\t\t\t\t<\/div>\n\t\t<\/div>\n\t\t\t\t\t<\/div>\n\t\t<\/section>\n\t\t\t\t<section class=\"elementor-section elementor-top-section elementor-element elementor-element-6ace427 elementor-section-boxed elementor-section-height-default elementor-section-height-default\" data-id=\"6ace427\" data-element_type=\"section\" data-e-type=\"section\">\n\t\t\t\t\t\t<div class=\"elementor-container elementor-column-gap-default\">\n\t\t\t\t\t<div class=\"elementor-column elementor-col-33 elementor-top-column elementor-element elementor-element-c81a2ee\" data-id=\"c81a2ee\" data-element_type=\"column\" data-e-type=\"column\">\n\t\t\t<div class=\"elementor-widget-wrap elementor-element-populated\">\n\t\t\t\t\t\t<div class=\"elementor-element elementor-element-a2ffeed e-transform e-transform elementor-invisible elementor-widget elementor-widget-image\" data-id=\"a2ffeed\" data-element_type=\"widget\" data-e-type=\"widget\" data-settings=\"{&quot;_animation&quot;:&quot;fadeInRight&quot;,&quot;_transform_translateX_effect&quot;:{&quot;unit&quot;:&quot;px&quot;,&quot;size&quot;:-73,&quot;sizes&quot;:[]},&quot;_transform_translateX_effect_mobile&quot;:{&quot;unit&quot;:&quot;px&quot;,&quot;size&quot;:-83,&quot;sizes&quot;:[]},&quot;_transform_translateX_effect_tablet&quot;:{&quot;unit&quot;:&quot;px&quot;,&quot;size&quot;:&quot;&quot;,&quot;sizes&quot;:[]},&quot;_transform_translateY_effect&quot;:{&quot;unit&quot;:&quot;px&quot;,&quot;size&quot;:&quot;&quot;,&quot;sizes&quot;:[]},&quot;_transform_translateY_effect_tablet&quot;:{&quot;unit&quot;:&quot;px&quot;,&quot;size&quot;:&quot;&quot;,&quot;sizes&quot;:[]},&quot;_transform_translateY_effect_mobile&quot;:{&quot;unit&quot;:&quot;px&quot;,&quot;size&quot;:&quot;&quot;,&quot;sizes&quot;:[]},&quot;_transform_scale_effect&quot;:{&quot;unit&quot;:&quot;px&quot;,&quot;size&quot;:&quot;&quot;,&quot;sizes&quot;:[]},&quot;_transform_scale_effect_tablet&quot;:{&quot;unit&quot;:&quot;px&quot;,&quot;size&quot;:&quot;&quot;,&quot;sizes&quot;:[]},&quot;_transform_scale_effect_mobile&quot;:{&quot;unit&quot;:&quot;px&quot;,&quot;size&quot;:&quot;&quot;,&quot;sizes&quot;:[]}}\" data-widget_type=\"image.default\">\n\t\t\t\t<div class=\"elementor-widget-container\">\n\t\t\t\t\t\t\t\t\t\t\t\t\t\t\t<img fetchpriority=\"high\" decoding=\"async\" width=\"300\" height=\"271\" src=\"https:\/\/uvtaverny.fr\/wp-content\/uploads\/2022\/11\/vtt-new-300x271.jpeg\" class=\"attachment-medium size-medium wp-image-563\" alt=\"\" srcset=\"https:\/\/uvtaverny.fr\/wp-content\/uploads\/2022\/11\/vtt-new-300x271.jpeg 300w, https:\/\/uvtaverny.fr\/wp-content\/uploads\/2022\/11\/vtt-new-1024x926.jpeg 1024w, https:\/\/uvtaverny.fr\/wp-content\/uploads\/2022\/11\/vtt-new-768x695.jpeg 768w, https:\/\/uvtaverny.fr\/wp-content\/uploads\/2022\/11\/elementor\/thumbs\/vtt-new-pxfhldopqqh69r5l1wqqglkl1yuzybtrk78qexrr7c.jpeg 12w, https:\/\/uvtaverny.fr\/wp-content\/uploads\/2022\/11\/vtt-new.jpeg 1035w\" sizes=\"(max-width: 300px) 100vw, 300px\" \/>\t\t\t\t\t\t\t\t\t\t\t\t\t\t\t<\/div>\n\t\t\t\t<\/div>\n\t\t\t\t\t<\/div>\n\t\t<\/div>\n\t\t\t\t<div class=\"elementor-column elementor-col-33 elementor-top-column elementor-element elementor-element-5bdbb11\" data-id=\"5bdbb11\" data-element_type=\"column\" data-e-type=\"column\" data-settings=\"{&quot;background_background&quot;:&quot;slideshow&quot;,&quot;background_slideshow_gallery&quot;:[{&quot;id&quot;:6104,&quot;url&quot;:&quot;https:\\\/\\\/uvtaverny.fr\\\/wp-content\\\/uploads\\\/2025\\\/10\\\/IMG-20250111-WA0000.jpg&quot;},{&quot;id&quot;:6102,&quot;url&quot;:&quot;https:\\\/\\\/uvtaverny.fr\\\/wp-content\\\/uploads\\\/2025\\\/10\\\/IMG-20241121-WA0012.jpg&quot;},{&quot;id&quot;:6103,&quot;url&quot;:&quot;https:\\\/\\\/uvtaverny.fr\\\/wp-content\\\/uploads\\\/2025\\\/10\\\/IMG-20241123-WA0005.jpg&quot;},{&quot;id&quot;:6123,&quot;url&quot;:&quot;https:\\\/\\\/uvtaverny.fr\\\/wp-content\\\/uploads\\\/2025\\\/10\\\/New-1.jpg&quot;},{&quot;id&quot;:6105,&quot;url&quot;:&quot;https:\\\/\\\/uvtaverny.fr\\\/wp-content\\\/uploads\\\/2025\\\/10\\\/IMG-20250118-WA0000.jpg&quot;},{&quot;id&quot;:6111,&quot;url&quot;:&quot;https:\\\/\\\/uvtaverny.fr\\\/wp-content\\\/uploads\\\/2025\\\/10\\\/IMG-20250823-WA0001.jpg&quot;},{&quot;id&quot;:6110,&quot;url&quot;:&quot;https:\\\/\\\/uvtaverny.fr\\\/wp-content\\\/uploads\\\/2025\\\/10\\\/IMG-20250628-WA0007.jpg&quot;},{&quot;id&quot;:6108,&quot;url&quot;:&quot;https:\\\/\\\/uvtaverny.fr\\\/wp-content\\\/uploads\\\/2025\\\/10\\\/IMG-20250412-WA0001.jpg&quot;},{&quot;id&quot;:6106,&quot;url&quot;:&quot;https:\\\/\\\/uvtaverny.fr\\\/wp-content\\\/uploads\\\/2025\\\/10\\\/IMG-20250308-WA0002.jpg&quot;},{&quot;id&quot;:6128,&quot;url&quot;:&quot;https:\\\/\\\/uvtaverny.fr\\\/wp-content\\\/uploads\\\/2025\\\/10\\\/IMG-20251018-WA0001.jpg&quot;},{&quot;id&quot;:6124,&quot;url&quot;:&quot;https:\\\/\\\/uvtaverny.fr\\\/wp-content\\\/uploads\\\/2025\\\/10\\\/New.jpg&quot;},{&quot;id&quot;:6112,&quot;url&quot;:&quot;https:\\\/\\\/uvtaverny.fr\\\/wp-content\\\/uploads\\\/2025\\\/10\\\/IMG-20251012-WA0000.jpg&quot;}],&quot;background_slideshow_slide_duration&quot;:3500,&quot;background_slideshow_transition_duration&quot;:350,&quot;background_slideshow_loop&quot;:&quot;yes&quot;,&quot;background_slideshow_slide_transition&quot;:&quot;fade&quot;}\">\n\t\t\t<div class=\"elementor-widget-wrap\">\n\t\t\t\t\t\t\t<\/div>\n\t\t<\/div>\n\t\t\t\t<div class=\"elementor-column elementor-col-33 elementor-top-column elementor-element elementor-element-d15feb4\" data-id=\"d15feb4\" data-element_type=\"column\" data-e-type=\"column\">\n\t\t\t<div class=\"elementor-widget-wrap elementor-element-populated\">\n\t\t\t\t\t\t<div class=\"elementor-element elementor-element-c3c3edf elementor-widget elementor-widget-spacer\" data-id=\"c3c3edf\" data-element_type=\"widget\" data-e-type=\"widget\" data-widget_type=\"spacer.default\">\n\t\t\t\t<div class=\"elementor-widget-container\">\n\t\t\t\t\t\t\t<div class=\"elementor-spacer\">\n\t\t\t<div class=\"elementor-spacer-inner\"><\/div>\n\t\t<\/div>\n\t\t\t\t\t\t<\/div>\n\t\t\t\t<\/div>\n\t\t\t\t\t<\/div>\n\t\t<\/div>\n\t\t\t\t\t<\/div>\n\t\t<\/section>\n\t\t\t\t<section class=\"elementor-section elementor-top-section elementor-element elementor-element-c4e6003 elementor-section-boxed elementor-section-height-default elementor-section-height-default\" data-id=\"c4e6003\" data-element_type=\"section\" data-e-type=\"section\">\n\t\t\t\t\t\t<div class=\"elementor-container elementor-column-gap-default\">\n\t\t\t\t\t<div class=\"elementor-column elementor-col-100 elementor-top-column elementor-element elementor-element-e4b7829\" data-id=\"e4b7829\" data-element_type=\"column\" data-e-type=\"column\">\n\t\t\t<div class=\"elementor-widget-wrap elementor-element-populated\">\n\t\t\t\t\t\t<div class=\"elementor-element elementor-element-9338b29 elementor-widget elementor-widget-spacer\" data-id=\"9338b29\" data-element_type=\"widget\" data-e-type=\"widget\" data-widget_type=\"spacer.default\">\n\t\t\t\t<div class=\"elementor-widget-container\">\n\t\t\t\t\t\t\t<div class=\"elementor-spacer\">\n\t\t\t<div class=\"elementor-spacer-inner\"><\/div>\n\t\t<\/div>\n\t\t\t\t\t\t<\/div>\n\t\t\t\t<\/div>\n\t\t\t\t\t<\/div>\n\t\t<\/div>\n\t\t\t\t\t<\/div>\n\t\t<\/section>\n\t\t\t\t<section class=\"elementor-section elementor-top-section elementor-element elementor-element-41a5508 elementor-section-boxed elementor-section-height-default elementor-section-height-default\" data-id=\"41a5508\" data-element_type=\"section\" data-e-type=\"section\">\n\t\t\t\t\t\t<div class=\"elementor-container elementor-column-gap-default\">\n\t\t\t\t\t<div class=\"elementor-column elementor-col-100 elementor-top-column elementor-element elementor-element-d19fc4b\" data-id=\"d19fc4b\" data-element_type=\"column\" data-e-type=\"column\">\n\t\t\t<div class=\"elementor-widget-wrap elementor-element-populated\">\n\t\t\t\t\t\t<div class=\"elementor-element elementor-element-f0df1c8 e-transform elementor-widget__width-initial e-transform elementor-widget elementor-widget-text-editor\" data-id=\"f0df1c8\" data-element_type=\"widget\" data-e-type=\"widget\" data-settings=\"{&quot;_transform_scale_effect&quot;:{&quot;unit&quot;:&quot;px&quot;,&quot;size&quot;:1,&quot;sizes&quot;:[]},&quot;_transform_translateY_effect&quot;:{&quot;unit&quot;:&quot;px&quot;,&quot;size&quot;:8,&quot;sizes&quot;:[]},&quot;_transform_translateY_effect_mobile&quot;:{&quot;unit&quot;:&quot;px&quot;,&quot;size&quot;:-1,&quot;sizes&quot;:[]},&quot;_transform_translateX_effect&quot;:{&quot;unit&quot;:&quot;px&quot;,&quot;size&quot;:27,&quot;sizes&quot;:[]},&quot;_transform_translateX_effect_mobile&quot;:{&quot;unit&quot;:&quot;px&quot;,&quot;size&quot;:0,&quot;sizes&quot;:[]},&quot;_transform_translateX_effect_tablet&quot;:{&quot;unit&quot;:&quot;px&quot;,&quot;size&quot;:88,&quot;sizes&quot;:[]},&quot;_transform_translateY_effect_tablet&quot;:{&quot;unit&quot;:&quot;px&quot;,&quot;size&quot;:&quot;&quot;,&quot;sizes&quot;:[]},&quot;_transform_scale_effect_tablet&quot;:{&quot;unit&quot;:&quot;px&quot;,&quot;size&quot;:&quot;&quot;,&quot;sizes&quot;:[]},&quot;_transform_scale_effect_mobile&quot;:{&quot;unit&quot;:&quot;px&quot;,&quot;size&quot;:&quot;&quot;,&quot;sizes&quot;:[]}}\" data-widget_type=\"text-editor.default\">\n\t\t\t\t<div class=\"elementor-widget-container\">\n\t\t\t\t\t\t\t\t\t<p><strong><u>Pr\u00e9sentation\u00a0: <\/u><\/strong><\/p><p>Cette section est ouverte depuis 1987, son fonctionnement est simple et rapide, c\u2019est Thomas Guillemeau qui en est l&rsquo;animateur.<\/p><p>Nous vous proposons un planning annuel des activit\u00e9s sans vous les imposer. Qu\u2019il pleuve, qu\u2019il vente, qu\u2019il neige et m\u00eame par beau temps, les samedis sans sortie sont rares.<\/p><p>Nous participons aussi aux randonn\u00e9es organis\u00e9es par nos clubs voisins.<\/p><p>En fonction de la saison, les sorties sont de 3h \u00e0 4h en for\u00eat de Montmorency, mais nous allons \u00e9galement dans les for\u00eats de L\u2019Isle-Adam, Carnelle et Saint-Germain.\u00a0<\/p><p><strong>Les rendez-vous<\/strong><\/p><p>Tous les rendez-vous ou d\u00e9part se font au 174 rue de Paris \u00e0 Taverny (devant le Kiosque du parc Henry Leyma), sauf cas particuliers ou directives du responsable de groupe.<\/p><p>Les sorties sont organis\u00e9es le samedi matin avec un rendez-vous fix\u00e9 entre 8h30 et 9h suivant la saison (\u00e9t\u00e9 &#8211; hiver).<\/p><p>Il arrive que certains sortent en semaine, dans ce cas un e-mail est envoy\u00e9 pour convenir d&rsquo;un rendez-vous.<\/p><p>Pour plus d&rsquo;informations, rendez-vous dans la rubrique \u00ab <strong><a href=\"https:\/\/uvtaverny.fr\/index.php\/contactez-nous\/\">Contact <\/a>\u00bb<\/strong>, nous ferons passer votre message \u00e0 la personne concern\u00e9e.<\/p>\t\t\t\t\t\t\t\t<\/div>\n\t\t\t\t<\/div>\n\t\t\t\t\t<\/div>\n\t\t<\/div>\n\t\t\t\t\t<\/div>\n\t\t<\/section>\n\t\t\t\t<section class=\"elementor-section elementor-top-section elementor-element elementor-element-8324874 elementor-section-boxed elementor-section-height-default elementor-section-height-default\" data-id=\"8324874\" data-element_type=\"section\" data-e-type=\"section\">\n\t\t\t\t\t\t<div class=\"elementor-container elementor-column-gap-default\">\n\t\t\t\t\t<div class=\"elementor-column elementor-col-100 elementor-top-column elementor-element elementor-element-055434d\" data-id=\"055434d\" data-element_type=\"column\" data-e-type=\"column\">\n\t\t\t<div class=\"elementor-widget-wrap\">\n\t\t\t\t\t\t\t<\/div>\n\t\t<\/div>\n\t\t\t\t\t<\/div>\n\t\t<\/section>\n\t\t\t\t<section class=\"elementor-section elementor-top-section elementor-element elementor-element-48296aa elementor-section-boxed elementor-section-height-default elementor-section-height-default\" data-id=\"48296aa\" data-element_type=\"section\" data-e-type=\"section\">\n\t\t\t\t\t\t<div class=\"elementor-container elementor-column-gap-default\">\n\t\t\t\t\t<div class=\"elementor-column elementor-col-100 elementor-top-column elementor-element elementor-element-03f264c\" data-id=\"03f264c\" data-element_type=\"column\" data-e-type=\"column\">\n\t\t\t<div class=\"elementor-widget-wrap elementor-element-populated\">\n\t\t\t\t\t\t<div class=\"elementor-element elementor-element-04b8c9d elementor-widget elementor-widget-google_maps\" data-id=\"04b8c9d\" data-element_type=\"widget\" data-e-type=\"widget\" data-widget_type=\"google_maps.default\">\n\t\t\t\t<div class=\"elementor-widget-container\">\n\t\t\t\t\t\t\t<div class=\"elementor-custom-embed\">\n\t\t\t<iframe loading=\"lazy\"\n\t\t\t\t\tsrc=\"https:\/\/maps.google.com\/maps?q=174%20rue%20de%20Paris%2C%20Taverny%2C%20France&#038;t=m&#038;z=15&#038;output=embed&#038;iwloc=near\"\n\t\t\t\t\ttitle=\"174 rue de Paris, Taverny, France\"\n\t\t\t\t\taria-label=\"174 rue de Paris, Taverny, France\"\n\t\t\t><\/iframe>\n\t\t<\/div>\n\t\t\t\t\t\t<\/div>\n\t\t\t\t<\/div>\n\t\t\t\t\t<\/div>\n\t\t<\/div>\n\t\t\t\t\t<\/div>\n\t\t<\/section>\n\t\t\t\t<section class=\"elementor-section elementor-top-section elementor-element elementor-element-5567fa8 elementor-section-boxed elementor-section-height-default elementor-section-height-default\" data-id=\"5567fa8\" data-element_type=\"section\" data-e-type=\"section\">\n\t\t\t\t\t\t<div class=\"elementor-container elementor-column-gap-default\">\n\t\t\t\t\t<div class=\"elementor-column elementor-col-100 elementor-top-column elementor-element elementor-element-3257a55\" data-id=\"3257a55\" data-element_type=\"column\" data-e-type=\"column\">\n\t\t\t<div class=\"elementor-widget-wrap elementor-element-populated\">\n\t\t\t\t\t\t<div class=\"elementor-element elementor-element-a888a58 elementor-hidden-desktop elementor-hidden-tablet elementor-widget elementor-widget-button\" data-id=\"a888a58\" data-element_type=\"widget\" data-e-type=\"widget\" data-widget_type=\"button.default\">\n\t\t\t\t<div class=\"elementor-widget-container\">\n\t\t\t\t\t\t\t\t\t<div class=\"elementor-button-wrapper\">\n\t\t\t\t\t<a class=\"elementor-button elementor-button-link elementor-size-sm\" href=\"https:\/\/www.facebook.com\/uvtaverny\">\n\t\t\t\t\t\t<span class=\"elementor-button-content-wrapper\">\n\t\t\t\t\t\t<span class=\"elementor-button-icon\">\n\t\t\t\t<i aria-hidden=\"true\" class=\"fab fa-facebook\"><\/i>\t\t\t<\/span>\n\t\t\t\t\t\t\t\t\t<span class=\"elementor-button-text\">Facebook<\/span>\n\t\t\t\t\t<\/span>\n\t\t\t\t\t<\/a>\n\t\t\t\t<\/div>\n\t\t\t\t\t\t\t\t<\/div>\n\t\t\t\t<\/div>\n\t\t\t\t\t<\/div>\n\t\t<\/div>\n\t\t\t\t\t<\/div>\n\t\t<\/section>\n\t\t\t\t<\/div>\n\t\t","protected":false},"excerpt":{"rendered":"<p>VTT Pr\u00e9sentation\u00a0: Cette section est ouverte depuis 1987, son fonctionnement est simple et rapide, c\u2019est Thomas Guillemeau qui en est l&rsquo;animateur. Nous vous proposons un planning annuel des activit\u00e9s sans vous les imposer. Qu\u2019il pleuve, qu\u2019il vente, qu\u2019il neige et m\u00eame par beau temps, les samedis sans sortie sont rares. Nous participons aussi aux randonn\u00e9es [&hellip;]<\/p>\n","protected":false},"author":1,"featured_media":0,"parent":0,"menu_order":0,"comment_status":"closed","ping_status":"closed","template":"","meta":{"om_disable_all_campaigns":false,"_monsterinsights_skip_tracking":false,"_monsterinsights_sitenote_active":false,"_monsterinsights_sitenote_note":"","_monsterinsights_sitenote_category":0,"site-sidebar-layout":"no-sidebar","site-content-layout":"boxed-container","ast-site-content-layout":"default","site-content-style":"default","site-sidebar-style":"default","ast-global-header-display":"","ast-banner-title-visibility":"","ast-main-header-display":"","ast-hfb-above-header-display":"","ast-hfb-below-header-display":"","ast-hfb-mobile-header-display":"","site-post-title":"disabled","ast-breadcrumbs-content":"","ast-featured-img":"disabled","footer-sml-layout":"","ast-disable-related-posts":"","theme-transparent-header-meta":"","adv-header-id-meta":"","stick-header-meta":"","header-above-stick-meta":"","header-main-stick-meta":"","header-below-stick-meta":"","astra-migrate-meta-layouts":"default","ast-page-background-enabled":"default","ast-page-background-meta":{"desktop":{"background-color":"var(--ast-global-color-4)","background-image":"","background-repeat":"repeat","background-position":"center center","background-size":"auto","background-attachment":"scroll","background-type":"","background-media":"","overlay-type":"","overlay-color":"","overlay-opacity":"","overlay-gradient":""},"tablet":{"background-color":"","background-image":"","background-repeat":"repeat","background-position":"center center","background-size":"auto","background-attachment":"scroll","background-type":"","background-media":"","overlay-type":"","overlay-color":"","overlay-opacity":"","overlay-gradient":""},"mobile":{"background-color":"","background-image":"","background-repeat":"repeat","background-position":"center center","background-size":"auto","background-attachment":"scroll","background-type":"","background-media":"","overlay-type":"","overlay-color":"","overlay-opacity":"","overlay-gradient":""}},"ast-content-background-meta":{"desktop":{"background-color":"var(--ast-global-color-5)","background-image":"","background-repeat":"repeat","background-position":"center center","background-size":"auto","background-attachment":"scroll","background-type":"","background-media":"","overlay-type":"","overlay-color":"","overlay-opacity":"","overlay-gradient":""},"tablet":{"background-color":"var(--ast-global-color-5)","background-image":"","background-repeat":"repeat","background-position":"center center","background-size":"auto","background-attachment":"scroll","background-type":"","background-media":"","overlay-type":"","overlay-color":"","overlay-opacity":"","overlay-gradient":""},"mobile":{"background-color":"var(--ast-global-color-5)","background-image":"","background-repeat":"repeat","background-position":"center center","background-size":"auto","background-attachment":"scroll","background-type":"","background-media":"","overlay-type":"","overlay-color":"","overlay-opacity":"","overlay-gradient":""}},"footnotes":""},"folder":[],"class_list":["post-153","page","type-page","status-publish","hentry"],"aioseo_notices":[],"_links":{"self":[{"href":"https:\/\/uvtaverny.fr\/index.php\/wp-json\/wp\/v2\/pages\/153","targetHints":{"allow":["GET"]}}],"collection":[{"href":"https:\/\/uvtaverny.fr\/index.php\/wp-json\/wp\/v2\/pages"}],"about":[{"href":"https:\/\/uvtaverny.fr\/index.php\/wp-json\/wp\/v2\/types\/page"}],"author":[{"embeddable":true,"href":"https:\/\/uvtaverny.fr\/index.php\/wp-json\/wp\/v2\/users\/1"}],"replies":[{"embeddable":true,"href":"https:\/\/uvtaverny.fr\/index.php\/wp-json\/wp\/v2\/comments?post=153"}],"version-history":[{"count":42,"href":"https:\/\/uvtaverny.fr\/index.php\/wp-json\/wp\/v2\/pages\/153\/revisions"}],"predecessor-version":[{"id":6134,"href":"https:\/\/uvtaverny.fr\/index.php\/wp-json\/wp\/v2\/pages\/153\/revisions\/6134"}],"wp:attachment":[{"href":"https:\/\/uvtaverny.fr\/index.php\/wp-json\/wp\/v2\/media?parent=153"}],"wp:term":[{"taxonomy":"folder","embeddable":true,"href":"https:\/\/uvtaverny.fr\/index.php\/wp-json\/wp\/v2\/folder?post=153"}],"curies":[{"name":"wp","href":"https:\/\/api.w.org\/{rel}","templated":true}]}}